{"id":33,"date":"2017-10-31T07:44:12","date_gmt":"2017-10-31T07:44:12","guid":{"rendered":"http:\/\/demo2.drfuri.com\/manufactory\/?page_id=33"},"modified":"2025-02-03T16:45:20","modified_gmt":"2025-02-03T20:45:20","slug":"home-3","status":"publish","type":"page","link":"https:\/\/vibraco.ind.br\/","title":{"rendered":"Home 3"},"content":{"rendered":"<div class=\"wpb-content-wrapper\"><p>[vc_row full_width=&#8221;stretch_row_content_no_spaces&#8221;][vc_column][rev_slider_vc alias=&#8221;slider-3&#8243;][\/vc_column][\/vc_row][vc_row css=&#8221;.vc_custom_1580718203031{background-image: url(http:\/\/demo2.steelthemes.com\/induscity\/wp-content\/uploads\/sites\/9\/2020\/02\/icon-area-bg.jpg?id=3907) !important;}&#8221;][vc_column]<div class=\"mf-services-3 style-1 \">\n                <div class=\"services-list clearfix\"><div class=\"vc_service-wrapper \"><span class=\"mf-icon\"><i class=\"flaticon-engineer\"><\/i><\/span><h3><a href=\"https:\/\/vibraco.ind.br\/index.php\/envie-o-seu-curriculo\/\" title=\"Envie o seu Curriculo\" rel=\"nofollow\">Trabalhe Conosco<\/a><\/h3><span>Envie o seu Curr\u00edculo <\/span><\/div><div class=\"vc_service-wrapper featured-box\"><span class=\"mf-icon\"><i class=\"flaticon-home\"><\/i><\/span><h3><a href=\"https:\/\/vibraco.ind.br\/index.php\/about-us\/\" title=\"Empresa\" rel=\"nofollow\">Empresa<\/a><\/h3><span>Onde estamos localizados<\/span><\/div><div class=\"vc_service-wrapper \"><span class=\"mf-icon\"><i class=\"flaticon-note\"><\/i><\/span><h3><a href=\"https:\/\/vibraco.ind.br\/index.php\/envie-sua-mensagem\/\" title=\"Mensagem Whatsapp\" rel=\"nofollow\">Fale Conosco<\/a><\/h3><span>Via e-mail ou Whatsapp<\/span><\/div><\/div>\n            <\/div><div class=\"mf-empty-space \" style=\"\"><div class=\"mf_empty_space_lg\"  style=\"height: 85px\"><\/div><div class=\"mf_empty_space_md\"  style=\"height: 50px\"><\/div><div class=\"mf_empty_space_xs\"  style=\"height: 50px\"><\/div><\/div>[vc_column_text]<\/p>\n<div class=\"text-center\" style=\"color: #fff; font-size: 24px;\">Prestamos servi\u00e7os de alto n\u00edvel recomendado para qualquer empresa, firma ou ind\u00fastria.<\/div>\n<p>[\/vc_column_text]<div class=\"mf-empty-space \" style=\"\"><div class=\"mf_empty_space_lg\"  style=\"height: 75px\"><\/div><div class=\"mf_empty_space_md\"  style=\"height: 45px\"><\/div><div class=\"mf_empty_space_xs\"  style=\"height: 45px\"><\/div><\/div>[\/vc_column][\/vc_row][vc_row css=&#8221;.vc_custom_1580718280952{background: #f2f2f2 url(http:\/\/demo2.steelthemes.com\/induscity\/wp-content\/uploads\/sites\/9\/2020\/02\/h2-bg-1.jpg?id=3901) !important;}&#8221;][vc_column]<div class=\"mf-empty-space \" style=\"\"><div class=\"mf_empty_space_lg\"  style=\"height: 80px\"><\/div><div class=\"mf_empty_space_md\"  style=\"height: 50px\"><\/div><div class=\"mf_empty_space_xs\"  style=\"height: 50px\"><\/div><\/div><div class=\"mf-section-title text-left dark large-size \"><h2 >SOBRE N\u00d3S<\/h2><\/div><div class=\"mf-empty-space \" style=\"\"><div class=\"mf_empty_space_lg\"  style=\"height: 50px\"><\/div><div class=\"mf_empty_space_md\"  style=\"height: 30px\"><\/div><div class=\"mf_empty_space_xs\"  style=\"height: 30px\"><\/div><\/div>[vc_row_inner][vc_column_inner offset=&#8221;vc_col-lg-4 vc_col-md-6&#8243;]<div class=\"mf-empty-space \" style=\"\"><div class=\"mf_empty_space_lg\"  style=\"height: 80px\"><\/div><div class=\"mf_empty_space_md\"  style=\"height: 50px\"><\/div><div class=\"mf_empty_space_xs\"  style=\"height: 50px\"><\/div><\/div>[\/vc_column_inner][vc_column_inner offset=&#8221;vc_col-lg-8 vc_col-md-6&#8243;][vc_custom_heading text=&#8221;Somos uma empresa que visa oferecer produtos com qualidade para satisfazer a necessidade de nossos clientes&#8221; font_container=&#8221;tag:h3|text_align:left&#8221; use_theme_fonts=&#8221;yes&#8221; el_class=&#8221;fw-medium&#8221; css=&#8221;.vc_custom_1715603237473{margin-top: 0px !important;margin-bottom: 0px !important;}&#8221;]<div class=\"mf-empty-space \" style=\"\"><div class=\"mf_empty_space_lg\"  style=\"height: 30px\"><\/div><div class=\"mf_empty_space_md\"  style=\"height: 30px\"><\/div><div class=\"mf_empty_space_xs\"  style=\"height: 30px\"><\/div><\/div>[vc_column_text]Em 1997, a Vibra\u00e7o Equipamentos Ltda, iniciou suas atividades para fabrica\u00e7\u00e3o de equipamentos voltados a constru\u00e7\u00e3o civil, realizando vendas em todo o territ\u00f3rio nacional.[\/vc_column_text]<div class=\"mf-empty-space \" style=\"\"><div class=\"mf_empty_space_lg\"  style=\"height: 33px\"><\/div><div class=\"mf_empty_space_md\"  style=\"height: 30px\"><\/div><div class=\"mf_empty_space_xs\"  style=\"height: 30px\"><\/div><\/div><div class=\"mf-button align-left style-1 \"><a class=\"button mf-btn\" href=\"https:\/\/vibraco.ind.br\/index.php\/about-us\/\" target=\"_blank\">Saiba Mais<\/a><\/div><div class=\"mf-empty-space \" style=\"\"><div class=\"mf_empty_space_lg\"  style=\"height: 80px\"><\/div><div class=\"mf_empty_space_md\"  style=\"height: 50px\"><\/div><div class=\"mf_empty_space_xs\"  style=\"height: 50px\"><\/div><\/div>[\/vc_column_inner][\/vc_row_inner][\/vc_column][\/vc_row][vc_row][vc_column]<div class=\"mf-empty-space \" style=\"\"><div class=\"mf_empty_space_lg\"  style=\"height: 80px\"><\/div><div class=\"mf_empty_space_md\"  style=\"height: 50px\"><\/div><div class=\"mf_empty_space_xs\"  style=\"height: 50px\"><\/div><\/div>[vc_separator color=&#8221;custom&#8221; accent_color=&#8221;#f2f2f2&#8243; css=&#8221;.vc_custom_1509003687927{padding-bottom: 40px !important;}&#8221;]<div class=\"mf-empty-space \" style=\"\"><div class=\"mf_empty_space_lg\"  style=\"height: 40px\"><\/div><div class=\"mf_empty_space_md\"  style=\"height: 40px\"><\/div><div class=\"mf_empty_space_xs\"  style=\"height: 40px\"><\/div><\/div>[\/vc_column][\/vc_row][vc_row][vc_column]<div class=\"mf-latest-post blog-grid grid  has-thumbnail\">\n\t\t\t\t<div class=\"mf-latest-post-header\"><div class=\"mf-section-title text-left dark large-size \"><h2 >CONFIRA O NOSSO BLOG<\/h2><\/div><a href=\"https:\/\/vibraco.ind.br\/index.php\/blog-2\/\" class=\"mf-btn-2 view-more\">VEJA MAIS<\/a><\/div>\n                <div class=\"post-list row\" id=\"post-slider-6a093efdb20ca\">\n<article id=\"post-3273\" class=\"col-xs-12 col-sm-12 blog-wrapper-col-3 col-md-4 post-3273 post type-post status-publish format-gallery has-post-thumbnail hentry category-uncategorized post_format-post-format-gallery \">\n\t<div class=\"blog-wrapper\">\n\t\t\t\t\t<div class=\"entry-thumbnail\">\n\t\t\t\t<a href=\"https:\/\/vibraco.ind.br\/index.php\/2017\/11\/01\/biomimetics-as-a-tool-for-new-development\/\"><span class=\"mf-icon\"><i class=\"fa fa-link\"><\/i><\/span><img loading=\"lazy\" decoding=\"async\" width=\"555\" height=\"330\" src=\"https:\/\/vibraco.ind.br\/wp-content\/uploads\/2017\/11\/uau-555x330.jpg\" class=\"attachment-induscity-blog-grid-thumb size-induscity-blog-grid-thumb wp-post-image\" alt=\"\" \/><\/a>\n\t\t\t<\/div>\n\t\t\t\t<header class=\"entry-header\">\n\t\t\t<div class=\"entry-meta\">\n\t\t\t\t\t\t\t<\/div><!-- .entry-meta -->\n\t\t\t<h2 class=\"entry-title\"><a href=\"https:\/\/vibraco.ind.br\/index.php\/2017\/11\/01\/biomimetics-as-a-tool-for-new-development\/\">Vibra\u00e7o Equipamentos<\/a><\/h2>\n\t\t<\/header><!-- .entry-header -->\n\n\t\t<div class=\"entry-content clearfix\">\n\t\t\t<p>Em 1997, a Vibra\u00e7o Equipamentos Ltda, iniciou suas atividades para fabrica\u00e7\u00e3o de equipamentos voltados a constru\u00e7\u00e3o civil, realizando vendas em&hellip;<\/p>\t\t<\/div><!-- .entry-content -->\n\n\t\t<footer class=\"entry-footer clearfix\">\n\t\t\t<a href=\"https:\/\/vibraco.ind.br\/index.php\/2017\/11\/01\/biomimetics-as-a-tool-for-new-development\/\" class=\"read-more\">Read More<i class=\"fa fa-chevron-right\"><\/i><\/a>\n\t\t\t\t\t<\/footer>\n\t<\/div>\n<\/article><!-- #post-## -->\n<\/div>\n            <\/div>[\/vc_column][\/vc_row][vc_row css=&#8221;.vc_custom_1509004447888{background-color: #f2f2f2 !important;}&#8221;][vc_column][\/vc_column][\/vc_row]<\/p>\n<\/div>","protected":false},"excerpt":{"rendered":"<p>[vc_row full_width=&#8221;stretch_row_content_no_spaces&#8221;][vc_column][rev_slider_vc alias=&#8221;slider-3&#8243;][\/vc_column][\/vc_row][vc_row css=&#8221;.vc_custom_1580718203031{background-image: url(http:\/\/demo2.steelthemes.com\/induscity\/wp-content\/uploads\/sites\/9\/2020\/02\/icon-area-bg.jpg?id=3907) !important;}&#8221;][vc_column][vc_column_text] Prestamos servi\u00e7os de alto n\u00edvel recomendado para qualquer empresa, firma ou ind\u00fastria. [\/vc_column_text][\/vc_column][\/vc_row][vc_row css=&#8221;.vc_custom_1580718280952{background: #f2f2f2 url(http:\/\/demo2.steelthemes.com\/induscity\/wp-content\/uploads\/sites\/9\/2020\/02\/h2-bg-1.jpg?id=3901) !important;}&#8221;][vc_column][vc_row_inner][vc_column_inner offset=&#8221;vc_col-lg-4 vc_col-md-6&#8243;][\/vc_column_inner][vc_column_inner offset=&#8221;vc_col-lg-8 vc_col-md-6&#8243;][vc_custom_heading text=&#8221;Somos uma empresa que visa oferecer produtos com qualidade para satisfazer a necessidade de nossos clientes&#8221; font_container=&#8221;tag:h3|text_align:left&#8221; use_theme_fonts=&#8221;yes&#8221; el_class=&#8221;fw-medium&#8221; css=&#8221;.vc_custom_1715603237473{margin-top: 0px !important;margin-bottom: 0px !important;}&#8221;][vc_column_text]Em 1997, a Vibra\u00e7o Equipamentos [&hellip;]<\/p>\n","protected":false},"author":1,"featured_media":0,"parent":0,"menu_order":0,"comment_status":"closed","ping_status":"closed","template":"template-homepage.php","meta":{"_joinchat":[],"footnotes":""},"class_list":["post-33","page","type-page","status-publish","hentry",""],"_links":{"self":[{"href":"https:\/\/vibraco.ind.br\/index.php\/wp-json\/wp\/v2\/pages\/33","targetHints":{"allow":["GET"]}}],"collection":[{"href":"https:\/\/vibraco.ind.br\/index.php\/wp-json\/wp\/v2\/pages"}],"about":[{"href":"https:\/\/vibraco.ind.br\/index.php\/wp-json\/wp\/v2\/types\/page"}],"author":[{"embeddable":true,"href":"https:\/\/vibraco.ind.br\/index.php\/wp-json\/wp\/v2\/users\/1"}],"replies":[{"embeddable":true,"href":"https:\/\/vibraco.ind.br\/index.php\/wp-json\/wp\/v2\/comments?post=33"}],"version-history":[{"count":39,"href":"https:\/\/vibraco.ind.br\/index.php\/wp-json\/wp\/v2\/pages\/33\/revisions"}],"predecessor-version":[{"id":6717,"href":"https:\/\/vibraco.ind.br\/index.php\/wp-json\/wp\/v2\/pages\/33\/revisions\/6717"}],"wp:attachment":[{"href":"https:\/\/vibraco.ind.br\/index.php\/wp-json\/wp\/v2\/media?parent=33"}],"curies":[{"name":"wp","href":"https:\/\/api.w.org\/{rel}","templated":true}]}}