{"id":6464,"date":"2024-05-10T08:17:14","date_gmt":"2024-05-10T12:17:14","guid":{"rendered":"https:\/\/vibraco.ind.br\/?page_id=6464"},"modified":"2024-05-10T08:18:34","modified_gmt":"2024-05-10T12:18:34","slug":"agendar-visita","status":"publish","type":"page","link":"https:\/\/vibraco.ind.br\/index.php\/agendar-visita\/","title":{"rendered":"AGENDAR VISITA"},"content":{"rendered":"\n<p>Preencha os campos obrigat\u00f3rios abaixo e agende sua visita na Empresa Vibra\u00e7o Equipamentos LTDA , ap\u00f3s realizar<br>o seu agendamento entraremos em contato o mais breve poss\u00edvel.<\/p>\n\n\n<div class=\"wpforms-container wpforms-container-full wpforms-block wpforms-block-5722e7fe-b9ff-4f6d-839c-2421001bbe98 wpforms-render-modern\" id=\"wpforms-6461\"><form id=\"wpforms-form-6461\" class=\"wpforms-validate wpforms-form wpforms-ajax-form\" data-formid=\"6461\" method=\"post\" enctype=\"multipart\/form-data\" action=\"\/index.php\/wp-json\/wp\/v2\/pages\/6464\" data-token=\"4d2328a129fe6494884832b9f717707f\" data-token-time=\"1778993020\"><noscript class=\"wpforms-error-noscript\">Ative o JavaScript no seu navegador para preencher este formul\u00e1rio.<\/noscript><div id=\"wpforms-error-noscript\" style=\"display: none;\">Ative o JavaScript no seu navegador para preencher este formul\u00e1rio.<\/div><div class=\"wpforms-field-container\"><div id=\"wpforms-6461-field_0-container\" class=\"wpforms-field wpforms-field-name\" data-field-id=\"0\"><fieldset><legend class=\"wpforms-field-label\">Nome <span class=\"wpforms-required-label\" aria-hidden=\"true\">*<\/span><\/legend><div class=\"wpforms-field-row wpforms-field-medium\"><div class=\"wpforms-field-row-block wpforms-first wpforms-one-half\"><input type=\"text\" id=\"wpforms-6461-field_0\" class=\"wpforms-field-name-first wpforms-field-required\" name=\"wpforms[fields][0][first]\" aria-errormessage=\"wpforms-6461-field_0-error\" required><label for=\"wpforms-6461-field_0\" class=\"wpforms-field-sublabel after\">Nome<\/label><\/div><div class=\"wpforms-field-row-block wpforms-one-half\"><input type=\"text\" id=\"wpforms-6461-field_0-last\" class=\"wpforms-field-name-last wpforms-field-required\" name=\"wpforms[fields][0][last]\" aria-errormessage=\"wpforms-6461-field_0-last-error\" required><label for=\"wpforms-6461-field_0-last\" class=\"wpforms-field-sublabel after\">Sobrenome<\/label><\/div><\/div><\/fieldset><\/div><div id=\"wpforms-6461-field_1-container\" class=\"wpforms-field wpforms-field-email\" data-field-id=\"1\"><label class=\"wpforms-field-label\" for=\"wpforms-6461-field_1\">CPF <span class=\"wpforms-required-label\" aria-hidden=\"true\">*<\/span><\/label><input type=\"email\" id=\"wpforms-6461-field_1\" class=\"wpforms-field-medium wpforms-field-required\" name=\"wpforms[fields][1]\" spellcheck=\"false\" aria-errormessage=\"wpforms-6461-field_1-error\" required><\/div><div id=\"wpforms-6461-field_4-container\" class=\"wpforms-field wpforms-field-email\" data-field-id=\"4\"><label class=\"wpforms-field-label\" for=\"wpforms-6461-field_4\">Telefone (Whatsapp) <span class=\"wpforms-required-label\" aria-hidden=\"true\">*<\/span><\/label><input type=\"email\" id=\"wpforms-6461-field_4\" class=\"wpforms-field-medium wpforms-field-required\" name=\"wpforms[fields][4]\" spellcheck=\"false\" aria-errormessage=\"wpforms-6461-field_4-error\" required><\/div><div id=\"wpforms-6461-field_3-container\" class=\"wpforms-field wpforms-field-checkbox\" data-field-id=\"3\"><fieldset><legend class=\"wpforms-field-label\">Hor\u00e1rio <\/legend><ul id=\"wpforms-6461-field_3\"><li class=\"choice-1 depth-1\"><input type=\"checkbox\" id=\"wpforms-6461-field_3_1\" name=\"wpforms[fields][3][]\" value=\"16:00\" aria-errormessage=\"wpforms-6461-field_3_1-error\"  ><label class=\"wpforms-field-label-inline\" for=\"wpforms-6461-field_3_1\">16:00<\/label><\/li><li class=\"choice-2 depth-1\"><input type=\"checkbox\" id=\"wpforms-6461-field_3_2\" name=\"wpforms[fields][3][]\" value=\"14:00\" aria-errormessage=\"wpforms-6461-field_3_2-error\"  ><label class=\"wpforms-field-label-inline\" for=\"wpforms-6461-field_3_2\">14:00<\/label><\/li><li class=\"choice-3 depth-1\"><input type=\"checkbox\" id=\"wpforms-6461-field_3_3\" name=\"wpforms[fields][3][]\" value=\"09:00\" aria-errormessage=\"wpforms-6461-field_3_3-error\"  ><label class=\"wpforms-field-label-inline\" for=\"wpforms-6461-field_3_3\">09:00<\/label><\/li><\/ul><\/fieldset><\/div><\/div><!-- .wpforms-field-container --><div class=\"wpforms-submit-container\" ><input type=\"hidden\" name=\"wpforms[id]\" value=\"6461\"><input type=\"hidden\" name=\"page_title\" value=\"\"><input type=\"hidden\" name=\"page_url\" value=\"https:\/\/vibraco.ind.br\/index.php\/wp-json\/wp\/v2\/pages\/6464\"><input type=\"hidden\" name=\"url_referer\" value=\"\"><button type=\"submit\" name=\"wpforms[submit]\" id=\"wpforms-submit-6461\" class=\"wpforms-submit\" data-alt-text=\"Enviando\u2026\" data-submit-text=\"Enviar\" aria-live=\"assertive\" value=\"wpforms-submit\">Enviar<\/button><img loading=\"lazy\" decoding=\"async\" src=\"https:\/\/vibraco.ind.br\/wp-content\/plugins\/wpforms-lite\/assets\/images\/submit-spin.svg\" class=\"wpforms-submit-spinner\" style=\"display: none;\" width=\"26\" height=\"26\" alt=\"Carregando\"><\/div><\/form><\/div>  <!-- .wpforms-container -->","protected":false},"excerpt":{"rendered":"<p>Preencha os campos obrigat\u00f3rios abaixo e agende sua visita na Empresa Vibra\u00e7o Equipamentos LTDA , ap\u00f3s realizaro seu agendamento entraremos em contato o mais breve poss\u00edvel.<\/p>\n","protected":false},"author":1,"featured_media":0,"parent":0,"menu_order":0,"comment_status":"closed","ping_status":"closed","template":"","meta":{"_joinchat":[],"footnotes":""},"class_list":["post-6464","page","type-page","status-publish","hentry","no-thumb"],"_links":{"self":[{"href":"https:\/\/vibraco.ind.br\/index.php\/wp-json\/wp\/v2\/pages\/6464","targetHints":{"allow":["GET"]}}],"collection":[{"href":"https:\/\/vibraco.ind.br\/index.php\/wp-json\/wp\/v2\/pages"}],"about":[{"href":"https:\/\/vibraco.ind.br\/index.php\/wp-json\/wp\/v2\/types\/page"}],"author":[{"embeddable":true,"href":"https:\/\/vibraco.ind.br\/index.php\/wp-json\/wp\/v2\/users\/1"}],"replies":[{"embeddable":true,"href":"https:\/\/vibraco.ind.br\/index.php\/wp-json\/wp\/v2\/comments?post=6464"}],"version-history":[{"count":2,"href":"https:\/\/vibraco.ind.br\/index.php\/wp-json\/wp\/v2\/pages\/6464\/revisions"}],"predecessor-version":[{"id":6467,"href":"https:\/\/vibraco.ind.br\/index.php\/wp-json\/wp\/v2\/pages\/6464\/revisions\/6467"}],"wp:attachment":[{"href":"https:\/\/vibraco.ind.br\/index.php\/wp-json\/wp\/v2\/media?parent=6464"}],"curies":[{"name":"wp","href":"https:\/\/api.w.org\/{rel}","templated":true}]}}