{"id":6415,"date":"2024-05-09T13:07:13","date_gmt":"2024-05-09T17:07:13","guid":{"rendered":"https:\/\/vibraco.ind.br\/?post_type=product&#038;p=6415"},"modified":"2024-05-15T09:00:21","modified_gmt":"2024-05-15T13:00:21","slug":"conjunto-vibratorio-m-f-ou-p-b","status":"publish","type":"product","link":"https:\/\/vibraco.ind.br\/index.php\/product\/conjunto-vibratorio-m-f-ou-p-b\/","title":{"rendered":"Equipamento Vibrat\u00f3rio para Fabrica\u00e7\u00e3o de Manilha P\/B e M\/F"},"content":{"rendered":"","protected":false},"excerpt":{"rendered":"","protected":false},"featured_media":6502,"template":"","meta":{"_joinchat":[]},"product_brand":[],"product_cat":[47],"product_tag":[],"class_list":{"0":"post-6415","1":"product","2":"type-product","3":"status-publish","4":"has-post-thumbnail","6":"product_cat-equipamentos","7":"","9":"first","10":"instock","11":"shipping-taxable","12":"product-type-simple"},"_links":{"self":[{"href":"https:\/\/vibraco.ind.br\/index.php\/wp-json\/wp\/v2\/product\/6415","targetHints":{"allow":["GET"]}}],"collection":[{"href":"https:\/\/vibraco.ind.br\/index.php\/wp-json\/wp\/v2\/product"}],"about":[{"href":"https:\/\/vibraco.ind.br\/index.php\/wp-json\/wp\/v2\/types\/product"}],"wp:featuredmedia":[{"embeddable":true,"href":"https:\/\/vibraco.ind.br\/index.php\/wp-json\/wp\/v2\/media\/6502"}],"wp:attachment":[{"href":"https:\/\/vibraco.ind.br\/index.php\/wp-json\/wp\/v2\/media?parent=6415"}],"wp:term":[{"taxonomy":"product_brand","embeddable":true,"href":"https:\/\/vibraco.ind.br\/index.php\/wp-json\/wp\/v2\/product_brand?post=6415"},{"taxonomy":"product_cat","embeddable":true,"href":"https:\/\/vibraco.ind.br\/index.php\/wp-json\/wp\/v2\/product_cat?post=6415"},{"taxonomy":"product_tag","embeddable":true,"href":"https:\/\/vibraco.ind.br\/index.php\/wp-json\/wp\/v2\/product_tag?post=6415"}],"curies":[{"name":"wp","href":"https:\/\/api.w.org\/{rel}","templated":true}]}}